{"id":121,"date":"2016-05-15T20:28:06","date_gmt":"2016-05-15T18:28:06","guid":{"rendered":"http:\/\/bohuslansmuseum.iplace.se\/en\/?page_id=121"},"modified":"2021-06-01T18:27:11","modified_gmt":"2021-06-01T16:27:11","slug":"wecome-to-bohuslans-museum","status":"publish","type":"page","link":"https:\/\/www.bohuslansmuseum.se\/en\/about-us\/departments\/wecome-to-bohuslans-museum\/","title":{"rendered":"Welcome to Bohusl\u00e4ns museum"},"content":{"rendered":"<p>Bohusl\u00e4ns museum offers a variety of public programs and exhibitions. Each year the museum has 10-20 temporary exhibitions and more than 400 events and activities. <a href=\"https:\/\/www.bohuslansmuseum.se\/en\/events\/\"><span style=\"color: #333399\">Learn more about the events and activities here!<\/span><\/a> On the first floor you\u00b4ll find temporary exhibitions, the art gallery, the hall of boats and a steamboat-themed playroom. On the second floor are permanent exhibitions where you can explore life, art and nature of Bohusl\u00e4n and the city of Uddevalla. <span style=\"color: #333399\"><a href=\"https:\/\/www.bohuslansmuseum.se\/en\/utstallningar\/\"><span style=\"color: #333399\">Learn more about the exhibitions here!<\/span> <\/a><\/span><\/p>\n<h3><strong>Need help finding gifts? \u2013 Stop by the museum shop <\/strong><\/h3>\n<p>At the museum shop you\u00b4ll find a hand-picked assortment of Swedish design, exclusive Bohus Knitting kits and a large selection of books for all ages. Discover teas and chocolates, jams, juices and honey with flavors inspired by Uddevalla and Bohusl\u00e4n. <span style=\"color: #333399\"><a style=\"color: #333399\" href=\"https:\/\/www.bohuslansmuseum.se\/en\/visit-the-museum\/museum-shop\/\">Visit the shop! <\/a><\/span><\/p>\n<h3><strong>Kajkanten Restaurant and Coffee Shop <\/strong><\/h3>\n<p>At Kajkanten Restaurant and Coffee Shop you can enjoy food made from local ingredients and taste traditional Bohusl\u00e4n home cooking. Have a coffee and something sweet or try the Bohusl\u00e4n specialty \u00e4ggost. Want to know more about Kajkanten? <span style=\"color: #333399\"><a style=\"color: #333399\" href=\"https:\/\/www.bohuslansmuseum.se\/en\/visit-the-museum\/restaurant-and-cafe\/\">Click here!<\/a><\/span><\/p>\n<script type=\"text\/javascript\">\r\ndocument.addEventListener(\"DOMContentLoaded\", function(event) { \r\n\tjQuery( '#slider-pro-3-1074' ).sliderPro({\r\n\t\t\/\/width\r\n\t\t\t\twidth: 620,\r\n\t\t\t\t\r\n\t\t\/\/height\r\n\t\t\t\theight: 300,\r\n\t\t\t\t\r\n\t\t\/\/auto play\r\n\t\t\t\tautoplay:  true,\r\n\t\tautoplayOnHover: 'none',\r\n\t\t\t\t\t\t\t\tautoplayDelay: 5000,\r\n\t\t\r\n\t\t\r\n\t\tarrows: true,\r\n\t\tbuttons: true,\r\n\t\tsmallSize: 500,\r\n\t\tmediumSize: 1000,\r\n\t\tlargeSize: 3000,\r\n\t\tfade: true,\r\n\t\t\r\n\t\t\/\/thumbnail\r\n\t\tthumbnailArrows: true,\r\n\t\tthumbnailWidth: 120,\r\n\t\tthumbnailHeight: 120,\r\n\t\t\t\t\t\tthumbnailsPosition: 'bottom',\r\n\t\t\t\t\t\tcenterImage: true,\r\n\t\timageScaleMode: 'cover',\r\n\t\tallowScaleUp: true,\r\n\t\t\t\tstartSlide: 0,\r\n\t\tloop: true,\r\n\t\tslideDistance: 5,\r\n\t\tautoplayDirection: 'normal',\r\n\t\ttouchSwipe: true,\r\n\t\tfullScreen: true,\r\n\t});\r\n});\r\n<\/script>\r\n\r\n<div id=\"uris-slider-title\">\r\n\t<h3 class=\"uris-slider-post-title\">Welcome<\/h3>\r\n<\/div>\r\n\t\t<div id=\"slider-pro-3-1074\" class=\"slider-pro\">\r\n\t\t\t<!---- slides div start ---->\r\n\t\t\t<div class=\"sp-slides\">\r\n\t\t\t\t\t\t\t\t\t\t<div class=\"sp-slide\">\r\n\t\t\t\t\t\t\t<img decoding=\"async\" class=\"sp-image\" loading=\"lazy\" alt=\"Welcome\" src=\"https:\/\/www.bohuslansmuseum.se\/en\/wp-content\/plugins\/ultimate-responsive-image-slider\/assets\/css\/images\/blank.gif\" data-src=\"https:\/\/www.bohuslansmuseum.se\/en\/wp-content\/uploads\/sites\/2\/2016\/06\/Bohuslansmuseumsexterior_620x300.jpg\" \/>\r\n\r\n\t\t\t\t\t\t\t\r\n\t\t\t\t\t\t\t\t\t\t\t\t\t<\/div>\r\n\t\t\t\t\t\t\t\t\t\t\t\t<div class=\"sp-slide\">\r\n\t\t\t\t\t\t\t<img decoding=\"async\" class=\"sp-image\" loading=\"lazy\" alt=\"Welcome\" src=\"https:\/\/www.bohuslansmuseum.se\/en\/wp-content\/plugins\/ultimate-responsive-image-slider\/assets\/css\/images\/blank.gif\" data-src=\"https:\/\/www.bohuslansmuseum.se\/en\/wp-content\/uploads\/sites\/2\/2016\/05\/kajkanten-ute.jpg\" \/>\r\n\r\n\t\t\t\t\t\t\t\r\n\t\t\t\t\t\t\t\t\t\t\t\t\t<\/div>\r\n\t\t\t\t\t\t\t\t\t\t\t\t<div class=\"sp-slide\">\r\n\t\t\t\t\t\t\t<img decoding=\"async\" class=\"sp-image\" loading=\"lazy\" alt=\"Welcome\" src=\"https:\/\/www.bohuslansmuseum.se\/en\/wp-content\/plugins\/ultimate-responsive-image-slider\/assets\/css\/images\/blank.gif\" data-src=\"https:\/\/www.bohuslansmuseum.se\/en\/wp-content\/uploads\/sites\/2\/2016\/05\/event620x300.jpg\" \/>\r\n\r\n\t\t\t\t\t\t\t\r\n\t\t\t\t\t\t\t\t\t\t\t\t\t<\/div>\r\n\t\t\t\t\t\t\t\t\t\t\t\t<div class=\"sp-slide\">\r\n\t\t\t\t\t\t\t<img decoding=\"async\" class=\"sp-image\" loading=\"lazy\" alt=\"Welcome\" src=\"https:\/\/www.bohuslansmuseum.se\/en\/wp-content\/plugins\/ultimate-responsive-image-slider\/assets\/css\/images\/blank.gif\" data-src=\"https:\/\/www.bohuslansmuseum.se\/en\/wp-content\/uploads\/sites\/2\/2016\/05\/butik-stickning-620x300.jpg\" \/>\r\n\r\n\t\t\t\t\t\t\t\r\n\t\t\t\t\t\t\t\t\t\t\t\t\t<\/div>\r\n\t\t\t\t\t\t\t\t\t<\/div>\r\n\t\t\t\r\n\t\t\t<!---- slides div end ---->\r\n\t\t\t\t\t\t<!-- slides thumbnails div start -->\r\n\t\t\t<div class=\"sp-thumbnails\">\r\n\t\t\t\t\t\t\t\t\t\t<img decoding=\"async\" class=\"sp-thumbnail\" loading=\"lazy\" src=\"https:\/\/www.bohuslansmuseum.se\/en\/wp-content\/plugins\/ultimate-responsive-image-slider\/assets\/img\/loading.gif\" data-src=\"https:\/\/www.bohuslansmuseum.se\/en\/wp-content\/uploads\/sites\/2\/2016\/06\/Bohuslansmuseumsexterior_620x300-300x145.jpg\" alt=\"Welcome\"\/>\r\n\t\t\t\t\t\t\t\t\t\t\t<img decoding=\"async\" class=\"sp-thumbnail\" loading=\"lazy\" src=\"https:\/\/www.bohuslansmuseum.se\/en\/wp-content\/plugins\/ultimate-responsive-image-slider\/assets\/img\/loading.gif\" data-src=\"https:\/\/www.bohuslansmuseum.se\/en\/wp-content\/uploads\/sites\/2\/2016\/05\/kajkanten-ute-300x145.jpg\" alt=\"Welcome\"\/>\r\n\t\t\t\t\t\t\t\t\t\t\t<img decoding=\"async\" class=\"sp-thumbnail\" loading=\"lazy\" src=\"https:\/\/www.bohuslansmuseum.se\/en\/wp-content\/plugins\/ultimate-responsive-image-slider\/assets\/img\/loading.gif\" data-src=\"https:\/\/www.bohuslansmuseum.se\/en\/wp-content\/uploads\/sites\/2\/2016\/05\/event620x300-300x145.jpg\" alt=\"Welcome\"\/>\r\n\t\t\t\t\t\t\t\t\t\t\t<img decoding=\"async\" class=\"sp-thumbnail\" loading=\"lazy\" src=\"https:\/\/www.bohuslansmuseum.se\/en\/wp-content\/plugins\/ultimate-responsive-image-slider\/assets\/img\/loading.gif\" data-src=\"https:\/\/www.bohuslansmuseum.se\/en\/wp-content\/uploads\/sites\/2\/2016\/05\/butik-stickning-620x300-300x145.jpg\" alt=\"Welcome\"\/>\r\n\t\t\t\t\t\t\t\t<\/div>\r\n\t\t\t\t\t\t<!-- slides thumbnails div end -->\r\n\t\t<\/div>\r\n\t\t<style>\r\n\/* Layout 3 *\/\r\n\/* border *\/\r\n#slider-pro-3-1074 .sp-selected-thumbnail {\r\n\tborder: 4px solid #000000;\r\n}\r\n\r\n\/* font + color *\/\r\n.title-in  {\r\n\tfont-family: Arial !important;\r\n\tcolor: #FFFFFF !important;\r\n\tbackground-color: #000000 !important;\r\n\topacity: 0.7 !important;\r\n}\r\n.desc-in  {\r\n\tfont-family: Arial !important;\r\n\tcolor: #FFFFFF !important;\r\n\tbackground-color: #00000 !important;\r\n\topacity: 0.7 !important;\r\n}\r\n\r\n\/* bullets color *\/\r\n.sp-button  {\r\n\tborder: 2px solid #000000 !important;\r\n}\r\n.sp-selected-button  {\r\n\tbackground-color: #000000 !important;\r\n}\r\n\r\n\/* pointer color - bottom *\/\r\n.sp-selected-thumbnail::before {\r\n\tborder-bottom: 5px solid #000000 !important;\r\n}\r\n.sp-selected-thumbnail::after {\r\n\tborder-bottom: 13px solid #000000 !important;\r\n}\r\n\r\n\/* pointer color - top *\/\r\n\r\n\/* full screen icon *\/\r\n.sp-full-screen-button::before {\r\n    color: #FFFFFF !important;\r\n}\r\n\r\n\/* hover navigation icon color *\/\r\n.sp-next-arrow::after, .sp-next-arrow::before {\r\n\tbackground-color: #FFFFFF !important;\r\n}\r\n.sp-previous-arrow::after, .sp-previous-arrow::before {\r\n\tbackground-color: #FFFFFF !important;\r\n}\r\n\r\n#slider-pro-3-1074 .title-in {\r\n\tcolor: #FFFFFF !important;\r\n\tfont-weight: bolder;\r\n\ttext-align: center;\r\n}\r\n\r\n#slider-pro-3-1074 .title-in-bg {\r\n\tbackground: rgba(255, 255, 255, 0.7); !important;\r\n\twhite-space: unset !important;\r\n\ttransform: initial !important;\r\n\t-webkit-transform: initial !important;\r\n\tfont-size: 14px !important;\r\n}\r\n\r\n#slider-pro-3-1074 .desc-in {\r\n\tcolor: #FFFFFF !important;\r\n\ttext-align: center;\r\n}\r\n#slider-pro-3-1074 .desc-in-bg {\r\n\tbackground: rgba(#00000, 0.7) !important;\r\n\twhite-space: unset !important;\r\n\ttransform: initial !important;\r\n\t-webkit-transform: initial !important;\r\n\tfont-size: 13px !important;\r\n}\r\n\r\n@media (max-width: 640px) {\r\n\t#slider-pro-3-1074 .hide-small-screen {\r\n\t\tdisplay: none;\r\n\t}\r\n}\r\n\r\n@media (max-width: 860px) {\r\n\t#slider-pro-3-1074 .sp-layer {\r\n\t\tfont-size: 18px;\r\n\t}\r\n\t\r\n\t#slider-pro-3-1074 .hide-medium-screen {\r\n\t\tdisplay: none;\r\n\t}\r\n}\r\n.slides-not-found {\r\n\tbackground-color: #a92929;\r\n\tborder-radius: 5px;\r\n\tcolor: #fff;\r\n\tfont-family: initial;\r\n\ttext-align: center;\r\n\tpadding:12px;\r\n}\r\n\/* Custom CSS *\/\r\n<\/style>\r\n\n","protected":false},"excerpt":{"rendered":"","protected":false},"author":69,"featured_media":8333,"parent":119,"menu_order":0,"comment_status":"closed","ping_status":"closed","template":"page-templates\/info.php","meta":{"footnotes":""},"class_list":["post-121","page","type-page","status-publish","has-post-thumbnail","hentry","in_startpage_slider-ja"],"yoast_head":"<!-- This site is optimized with the Yoast SEO Premium plugin v27.4 (Yoast SEO v27.4) - https:\/\/yoast.com\/product\/yoast-seo-premium-wordpress\/ -->\n<title>Welcome to Bohusl\u00e4ns museum - Eng Bohusl\u00e4ns Museum<\/title>\n<meta name=\"robots\" content=\"index, follow, max-snippet:-1, max-image-preview:large, max-video-preview:-1\" \/>\n<link rel=\"canonical\" href=\"https:\/\/www.bohuslansmuseum.se\/en\/about-us\/departments\/wecome-to-bohuslans-museum\/\" \/>\n<meta property=\"og:locale\" content=\"en_US\" \/>\n<meta property=\"og:type\" content=\"article\" \/>\n<meta property=\"og:title\" content=\"Welcome to Bohusl\u00e4ns museum\" \/>\n<meta property=\"og:url\" content=\"https:\/\/www.bohuslansmuseum.se\/en\/about-us\/departments\/wecome-to-bohuslans-museum\/\" \/>\n<meta property=\"og:site_name\" content=\"Eng Bohusl\u00e4ns Museum\" \/>\n<meta property=\"article:modified_time\" content=\"2021-06-01T16:27:11+00:00\" \/>\n<meta property=\"og:image\" content=\"https:\/\/www.bohuslansmuseum.se\/en\/wp-content\/uploads\/sites\/2\/2016\/05\/IMG_4780_1900x400.jpg\" \/>\n\t<meta property=\"og:image:width\" content=\"1900\" \/>\n\t<meta property=\"og:image:height\" content=\"400\" \/>\n\t<meta property=\"og:image:type\" content=\"image\/jpeg\" \/>\n<meta name=\"twitter:card\" content=\"summary_large_image\" \/>\n<meta name=\"twitter:label1\" content=\"Est. reading time\" \/>\n\t<meta name=\"twitter:data1\" content=\"1 minute\" \/>\n<script type=\"application\/ld+json\" class=\"yoast-schema-graph\">{\"@context\":\"https:\\\/\\\/schema.org\",\"@graph\":[{\"@type\":\"WebPage\",\"@id\":\"https:\\\/\\\/www.bohuslansmuseum.se\\\/en\\\/about-us\\\/departments\\\/wecome-to-bohuslans-museum\\\/\",\"url\":\"https:\\\/\\\/www.bohuslansmuseum.se\\\/en\\\/about-us\\\/departments\\\/wecome-to-bohuslans-museum\\\/\",\"name\":\"Welcome to Bohusl\u00e4ns museum - Eng Bohusl\u00e4ns Museum\",\"isPartOf\":{\"@id\":\"https:\\\/\\\/www.bohuslansmuseum.se\\\/en\\\/#website\"},\"primaryImageOfPage\":{\"@id\":\"https:\\\/\\\/www.bohuslansmuseum.se\\\/en\\\/about-us\\\/departments\\\/wecome-to-bohuslans-museum\\\/#primaryimage\"},\"image\":{\"@id\":\"https:\\\/\\\/www.bohuslansmuseum.se\\\/en\\\/about-us\\\/departments\\\/wecome-to-bohuslans-museum\\\/#primaryimage\"},\"thumbnailUrl\":\"https:\\\/\\\/www.bohuslansmuseum.se\\\/en\\\/wp-content\\\/uploads\\\/sites\\\/2\\\/2016\\\/05\\\/IMG_4780_1900x400.jpg\",\"datePublished\":\"2016-05-15T18:28:06+00:00\",\"dateModified\":\"2021-06-01T16:27:11+00:00\",\"breadcrumb\":{\"@id\":\"https:\\\/\\\/www.bohuslansmuseum.se\\\/en\\\/about-us\\\/departments\\\/wecome-to-bohuslans-museum\\\/#breadcrumb\"},\"inLanguage\":\"en-US\",\"potentialAction\":[{\"@type\":\"ReadAction\",\"target\":[\"https:\\\/\\\/www.bohuslansmuseum.se\\\/en\\\/about-us\\\/departments\\\/wecome-to-bohuslans-museum\\\/\"]}]},{\"@type\":\"ImageObject\",\"inLanguage\":\"en-US\",\"@id\":\"https:\\\/\\\/www.bohuslansmuseum.se\\\/en\\\/about-us\\\/departments\\\/wecome-to-bohuslans-museum\\\/#primaryimage\",\"url\":\"https:\\\/\\\/www.bohuslansmuseum.se\\\/en\\\/wp-content\\\/uploads\\\/sites\\\/2\\\/2016\\\/05\\\/IMG_4780_1900x400.jpg\",\"contentUrl\":\"https:\\\/\\\/www.bohuslansmuseum.se\\\/en\\\/wp-content\\\/uploads\\\/sites\\\/2\\\/2016\\\/05\\\/IMG_4780_1900x400.jpg\",\"width\":1900,\"height\":400},{\"@type\":\"BreadcrumbList\",\"@id\":\"https:\\\/\\\/www.bohuslansmuseum.se\\\/en\\\/about-us\\\/departments\\\/wecome-to-bohuslans-museum\\\/#breadcrumb\",\"itemListElement\":[{\"@type\":\"ListItem\",\"position\":1,\"name\":\"Home\",\"item\":\"https:\\\/\\\/www.bohuslansmuseum.se\\\/en\\\/\"},{\"@type\":\"ListItem\",\"position\":2,\"name\":\"About us\",\"item\":\"https:\\\/\\\/www.bohuslansmuseum.se\\\/en\\\/about-us\\\/\"},{\"@type\":\"ListItem\",\"position\":3,\"name\":\"Departments\",\"item\":\"https:\\\/\\\/www.bohuslansmuseum.se\\\/en\\\/about-us\\\/departments\\\/\"},{\"@type\":\"ListItem\",\"position\":4,\"name\":\"Welcome to Bohusl\u00e4ns museum\"}]},{\"@type\":\"WebSite\",\"@id\":\"https:\\\/\\\/www.bohuslansmuseum.se\\\/en\\\/#website\",\"url\":\"https:\\\/\\\/www.bohuslansmuseum.se\\\/en\\\/\",\"name\":\"Eng Bohusl\u00e4ns Museum\",\"description\":\"\",\"potentialAction\":[{\"@type\":\"SearchAction\",\"target\":{\"@type\":\"EntryPoint\",\"urlTemplate\":\"https:\\\/\\\/www.bohuslansmuseum.se\\\/en\\\/?s={search_term_string}\"},\"query-input\":{\"@type\":\"PropertyValueSpecification\",\"valueRequired\":true,\"valueName\":\"search_term_string\"}}],\"inLanguage\":\"en-US\"}]}<\/script>\n<!-- \/ Yoast SEO Premium plugin. -->","yoast_head_json":{"title":"Welcome to Bohusl\u00e4ns museum - Eng Bohusl\u00e4ns Museum","robots":{"index":"index","follow":"follow","max-snippet":"max-snippet:-1","max-image-preview":"max-image-preview:large","max-video-preview":"max-video-preview:-1"},"canonical":"https:\/\/www.bohuslansmuseum.se\/en\/about-us\/departments\/wecome-to-bohuslans-museum\/","og_locale":"en_US","og_type":"article","og_title":"Welcome to Bohusl\u00e4ns museum","og_url":"https:\/\/www.bohuslansmuseum.se\/en\/about-us\/departments\/wecome-to-bohuslans-museum\/","og_site_name":"Eng Bohusl\u00e4ns Museum","article_modified_time":"2021-06-01T16:27:11+00:00","og_image":[{"width":1900,"height":400,"url":"https:\/\/www.bohuslansmuseum.se\/en\/wp-content\/uploads\/sites\/2\/2016\/05\/IMG_4780_1900x400.jpg","type":"image\/jpeg"}],"twitter_card":"summary_large_image","twitter_misc":{"Est. reading time":"1 minute"},"schema":{"@context":"https:\/\/schema.org","@graph":[{"@type":"WebPage","@id":"https:\/\/www.bohuslansmuseum.se\/en\/about-us\/departments\/wecome-to-bohuslans-museum\/","url":"https:\/\/www.bohuslansmuseum.se\/en\/about-us\/departments\/wecome-to-bohuslans-museum\/","name":"Welcome to Bohusl\u00e4ns museum - Eng Bohusl\u00e4ns Museum","isPartOf":{"@id":"https:\/\/www.bohuslansmuseum.se\/en\/#website"},"primaryImageOfPage":{"@id":"https:\/\/www.bohuslansmuseum.se\/en\/about-us\/departments\/wecome-to-bohuslans-museum\/#primaryimage"},"image":{"@id":"https:\/\/www.bohuslansmuseum.se\/en\/about-us\/departments\/wecome-to-bohuslans-museum\/#primaryimage"},"thumbnailUrl":"https:\/\/www.bohuslansmuseum.se\/en\/wp-content\/uploads\/sites\/2\/2016\/05\/IMG_4780_1900x400.jpg","datePublished":"2016-05-15T18:28:06+00:00","dateModified":"2021-06-01T16:27:11+00:00","breadcrumb":{"@id":"https:\/\/www.bohuslansmuseum.se\/en\/about-us\/departments\/wecome-to-bohuslans-museum\/#breadcrumb"},"inLanguage":"en-US","potentialAction":[{"@type":"ReadAction","target":["https:\/\/www.bohuslansmuseum.se\/en\/about-us\/departments\/wecome-to-bohuslans-museum\/"]}]},{"@type":"ImageObject","inLanguage":"en-US","@id":"https:\/\/www.bohuslansmuseum.se\/en\/about-us\/departments\/wecome-to-bohuslans-museum\/#primaryimage","url":"https:\/\/www.bohuslansmuseum.se\/en\/wp-content\/uploads\/sites\/2\/2016\/05\/IMG_4780_1900x400.jpg","contentUrl":"https:\/\/www.bohuslansmuseum.se\/en\/wp-content\/uploads\/sites\/2\/2016\/05\/IMG_4780_1900x400.jpg","width":1900,"height":400},{"@type":"BreadcrumbList","@id":"https:\/\/www.bohuslansmuseum.se\/en\/about-us\/departments\/wecome-to-bohuslans-museum\/#breadcrumb","itemListElement":[{"@type":"ListItem","position":1,"name":"Home","item":"https:\/\/www.bohuslansmuseum.se\/en\/"},{"@type":"ListItem","position":2,"name":"About us","item":"https:\/\/www.bohuslansmuseum.se\/en\/about-us\/"},{"@type":"ListItem","position":3,"name":"Departments","item":"https:\/\/www.bohuslansmuseum.se\/en\/about-us\/departments\/"},{"@type":"ListItem","position":4,"name":"Welcome to Bohusl\u00e4ns museum"}]},{"@type":"WebSite","@id":"https:\/\/www.bohuslansmuseum.se\/en\/#website","url":"https:\/\/www.bohuslansmuseum.se\/en\/","name":"Eng Bohusl\u00e4ns Museum","description":"","potentialAction":[{"@type":"SearchAction","target":{"@type":"EntryPoint","urlTemplate":"https:\/\/www.bohuslansmuseum.se\/en\/?s={search_term_string}"},"query-input":{"@type":"PropertyValueSpecification","valueRequired":true,"valueName":"search_term_string"}}],"inLanguage":"en-US"}]}},"_links":{"self":[{"href":"https:\/\/www.bohuslansmuseum.se\/en\/wp-json\/wp\/v2\/pages\/121","targetHints":{"allow":["GET"]}}],"collection":[{"href":"https:\/\/www.bohuslansmuseum.se\/en\/wp-json\/wp\/v2\/pages"}],"about":[{"href":"https:\/\/www.bohuslansmuseum.se\/en\/wp-json\/wp\/v2\/types\/page"}],"author":[{"embeddable":true,"href":"https:\/\/www.bohuslansmuseum.se\/en\/wp-json\/wp\/v2\/users\/69"}],"replies":[{"embeddable":true,"href":"https:\/\/www.bohuslansmuseum.se\/en\/wp-json\/wp\/v2\/comments?post=121"}],"version-history":[{"count":17,"href":"https:\/\/www.bohuslansmuseum.se\/en\/wp-json\/wp\/v2\/pages\/121\/revisions"}],"predecessor-version":[{"id":8669,"href":"https:\/\/www.bohuslansmuseum.se\/en\/wp-json\/wp\/v2\/pages\/121\/revisions\/8669"}],"up":[{"embeddable":true,"href":"https:\/\/www.bohuslansmuseum.se\/en\/wp-json\/wp\/v2\/pages\/119"}],"wp:featuredmedia":[{"embeddable":true,"href":"https:\/\/www.bohuslansmuseum.se\/en\/wp-json\/wp\/v2\/media\/8333"}],"wp:attachment":[{"href":"https:\/\/www.bohuslansmuseum.se\/en\/wp-json\/wp\/v2\/media?parent=121"}],"curies":[{"name":"wp","href":"https:\/\/api.w.org\/{rel}","templated":true}]}}