{"id":111,"date":"2015-11-16T20:21:01","date_gmt":"2015-11-16T19:21:01","guid":{"rendered":"http:\/\/bohuslansmuseum.iplace.se\/en\/?page_id=111"},"modified":"2017-01-23T17:06:43","modified_gmt":"2017-01-23T16:06:43","slug":"organization","status":"publish","type":"page","link":"https:\/\/www.bohuslansmuseum.se\/en\/about-us\/organization\/","title":{"rendered":"Organization"},"content":{"rendered":"<h2>Foundation Board of Bohusl\u00e4n Museum<\/h2>\n<p>&nbsp;<\/p>\n<table style=\"height: 585px\" border=\"0\" width=\"610\" cellpadding=\"0\">\n<tbody>\n<tr>\n<td valign=\"top\" width=\"238\"><strong>Ordinarie<\/strong><\/p>\n<p class=\"image\"><strong>V\u00e4stra G\u00f6talandsregionen<br \/>\n<\/strong>Inga G\u00f6ransson, (C)\u00a0Ordf<br \/>\nEvert Svenningsson\u00a0(S)<br \/>\nJan Gunnarsson\u00a0(S)<br \/>\nCarin Ramnesk\u00e4r (M)<br \/>\nErik Bergman (FP)<\/p>\n<\/td>\n<td valign=\"top\" width=\"225\"><strong>Ers\u00e4ttare<\/strong><\/p>\n<p class=\"image\"><strong>V\u00e4stra\u00a0G\u00f6talandsregionen<br \/>\n<\/strong>Nils-Erik Wangler (M)<br \/>\nBritt Wall\u00a0(S)<br \/>\nSven Olsson (MP)<br \/>\nJessica S\u00f6dergren (V)<br \/>\nSusan Nader (KD)<\/p>\n<\/td>\n<\/tr>\n<tr>\n<td valign=\"top\" width=\"238\">\n<p class=\"image\"><strong>Uddevalla kommun<br \/>\n<\/strong>Annelie\u00a0H\u00f6gberg\u00a0(S) 1:e vice ordf.<br \/>\nSiv Pettersson (FP)<\/p>\n<\/td>\n<td valign=\"top\" width=\"225\">\n<p class=\"image\"><strong>Uddevalla kommun<br \/>\n<\/strong>Rolf Horsvik (M)<br \/>\nChrister Johansson (V)<\/p>\n<\/td>\n<\/tr>\n<tr>\n<td valign=\"top\" width=\"238\">\n<p class=\"image\"><strong>Bohusl\u00e4ns Hembygdsf\u00f6rbund<br \/>\n<\/strong>Gunnar Klasson\u00a02:e vice ordf.<br \/>\nMats Ekberg<\/p>\n<\/td>\n<td valign=\"top\" width=\"225\">\n<p class=\"image\"><strong>Bohusl\u00e4ns Hembygdsf\u00f6rbund<br \/>\n<\/strong>Bj\u00f6rn J\u00f6nsson<br \/>\nIngrid Kennborn<\/p>\n<\/td>\n<\/tr>\n<\/tbody>\n<\/table>\n","protected":false},"excerpt":{"rendered":"<h2>Foundation Board of Bohusl\u00e4n Museum<\/h2>\n<p>&nbsp;<\/p>\n<table style=\"height: 585px\" border=\"0\" width=\"610\" cellpadding=\"0\">\n<tbody>\n<tr>\n<td valign=\"top\" width=\"238\"><strong>Ordinarie<\/strong><\/p>\n<p class=\"image\"><strong>V\u00e4stra G\u00f6talandsregionen<br \/>\n<\/strong>Inga G\u00f6ransson, (C)\u00a0Ordf<br \/>\nEvert Svenningsson\u00a0(S)<br \/>\nJan Gunnarsson\u00a0(S)<br \/>\nCarin Ramnesk\u00e4r (M)<br \/>\nErik Bergman (FP)<\/p>\n<\/td>\n<td valign=\"top\" width=\"225\"><strong>Ers\u00e4ttare<\/strong><\/p>\n<p class=\"image\"><strong>V\u00e4stra\u00a0G\u00f6talandsregionen<br \/>\n<\/strong>Nils-Erik Wangler (M)<br \/>\nBritt Wall\u00a0(S)<br \/>\nSven Olsson (MP)<br \/>\nJessica S\u00f6dergren (V)<br \/>\nSusan Nader (KD)<\/p>\n<\/td>\n<\/tr>\n<tr>\n<td valign=\"top\" width=\"238\">\n<p class=\"image\"><strong>Uddevalla kommun<br \/>\n<\/strong>Annelie\u00a0H\u00f6gberg\u00a0(S) 1:e vice ordf.<br \/>\nSiv Pettersson (FP)<\/p>\n<\/td>\n<td valign=\"top\" width=\"225\">\n<p class=\"image\"><strong>Uddevalla kommun<br \/>\n<\/strong>Rolf Horsvik (M)<br \/>\nChrister Johansson (V)<\/p>\n<\/td>\n<\/tr>\n<tr>\n<td valign=\"top\" width=\"238\">\n<p class=\"image\"><strong>Bohusl\u00e4ns Hembygdsf\u00f6rbund<br \/>\n<\/strong>Gunnar Klasson\u00a02:e vice ordf.<br \/>\nMats Ekberg<\/p>\n<\/td>\n<td valign=\"top\" width=\"225\">\n<p class=\"image\"><strong>Bohusl\u00e4ns Hembygdsf\u00f6rbund<br \/>\n<\/strong>Bj\u00f6rn J\u00f6nsson<br \/>\nIngrid Kennborn<\/p>\n<\/td>\n<\/tr>\n<\/tbody>\n<\/table>\n","protected":false},"author":69,"featured_media":0,"parent":109,"menu_order":0,"comment_status":"closed","ping_status":"closed","template":"page-templates\/info.php","meta":{"footnotes":""},"class_list":["post-111","page","type-page","status-publish","hentry"],"yoast_head":"<!-- This site is optimized with the Yoast SEO Premium plugin v27.4 (Yoast SEO v27.4) - https:\/\/yoast.com\/product\/yoast-seo-premium-wordpress\/ -->\n<title>Organization - Eng Bohusl\u00e4ns Museum<\/title>\n<meta name=\"robots\" content=\"index, follow, max-snippet:-1, max-image-preview:large, max-video-preview:-1\" \/>\n<link rel=\"canonical\" href=\"https:\/\/www.bohuslansmuseum.se\/en\/about-us\/organization\/\" \/>\n<meta property=\"og:locale\" content=\"en_US\" \/>\n<meta property=\"og:type\" content=\"article\" \/>\n<meta property=\"og:title\" content=\"Organization\" \/>\n<meta property=\"og:description\" content=\"Foundation Board of Bohusl\u00e4n Museum &nbsp;    Ordinarie V\u00e4stra G\u00f6talandsregionen Inga G\u00f6ransson, (C)\u00a0Ordf Evert Svenningsson\u00a0(S) Jan Gunnarsson\u00a0(S) Carin Ramnesk\u00e4r (M) Erik Bergman (FP)  Ers\u00e4ttare V\u00e4stra\u00a0G\u00f6talandsregionen Nils-Erik Wangler (M) Britt Wall\u00a0(S) Sven Olsson (MP) Jessica S\u00f6dergren (V) Susan Nader (KD)     Uddevalla kommun Annelie\u00a0H\u00f6gberg\u00a0(S) 1:e vice ordf. Siv Pettersson (FP)   Uddevalla kommun Rolf Horsvik (M) Christer Johansson (V)     Bohusl\u00e4ns Hembygdsf\u00f6rbund Gunnar Klasson\u00a02:e vice ordf. Mats Ekberg   Bohusl\u00e4ns Hembygdsf\u00f6rbund Bj\u00f6rn J\u00f6nsson Ingrid Kennborn\" \/>\n<meta property=\"og:url\" content=\"https:\/\/www.bohuslansmuseum.se\/en\/about-us\/organization\/\" \/>\n<meta property=\"og:site_name\" content=\"Eng Bohusl\u00e4ns Museum\" \/>\n<meta property=\"article:modified_time\" content=\"2017-01-23T16:06:43+00:00\" \/>\n<meta name=\"twitter:card\" content=\"summary_large_image\" \/>\n<script type=\"application\/ld+json\" class=\"yoast-schema-graph\">{\"@context\":\"https:\\\/\\\/schema.org\",\"@graph\":[{\"@type\":\"WebPage\",\"@id\":\"https:\\\/\\\/www.bohuslansmuseum.se\\\/en\\\/about-us\\\/organization\\\/\",\"url\":\"https:\\\/\\\/www.bohuslansmuseum.se\\\/en\\\/about-us\\\/organization\\\/\",\"name\":\"Organization - Eng Bohusl\u00e4ns Museum\",\"isPartOf\":{\"@id\":\"https:\\\/\\\/www.bohuslansmuseum.se\\\/en\\\/#website\"},\"datePublished\":\"2015-11-16T19:21:01+00:00\",\"dateModified\":\"2017-01-23T16:06:43+00:00\",\"breadcrumb\":{\"@id\":\"https:\\\/\\\/www.bohuslansmuseum.se\\\/en\\\/about-us\\\/organization\\\/#breadcrumb\"},\"inLanguage\":\"en-US\",\"potentialAction\":[{\"@type\":\"ReadAction\",\"target\":[\"https:\\\/\\\/www.bohuslansmuseum.se\\\/en\\\/about-us\\\/organization\\\/\"]}]},{\"@type\":\"BreadcrumbList\",\"@id\":\"https:\\\/\\\/www.bohuslansmuseum.se\\\/en\\\/about-us\\\/organization\\\/#breadcrumb\",\"itemListElement\":[{\"@type\":\"ListItem\",\"position\":1,\"name\":\"Home\",\"item\":\"https:\\\/\\\/www.bohuslansmuseum.se\\\/en\\\/\"},{\"@type\":\"ListItem\",\"position\":2,\"name\":\"About us\",\"item\":\"https:\\\/\\\/www.bohuslansmuseum.se\\\/en\\\/about-us\\\/\"},{\"@type\":\"ListItem\",\"position\":3,\"name\":\"Organization\"}]},{\"@type\":\"WebSite\",\"@id\":\"https:\\\/\\\/www.bohuslansmuseum.se\\\/en\\\/#website\",\"url\":\"https:\\\/\\\/www.bohuslansmuseum.se\\\/en\\\/\",\"name\":\"Eng Bohusl\u00e4ns Museum\",\"description\":\"\",\"potentialAction\":[{\"@type\":\"SearchAction\",\"target\":{\"@type\":\"EntryPoint\",\"urlTemplate\":\"https:\\\/\\\/www.bohuslansmuseum.se\\\/en\\\/?s={search_term_string}\"},\"query-input\":{\"@type\":\"PropertyValueSpecification\",\"valueRequired\":true,\"valueName\":\"search_term_string\"}}],\"inLanguage\":\"en-US\"}]}<\/script>\n<!-- \/ Yoast SEO Premium plugin. -->","yoast_head_json":{"title":"Organization - Eng Bohusl\u00e4ns Museum","robots":{"index":"index","follow":"follow","max-snippet":"max-snippet:-1","max-image-preview":"max-image-preview:large","max-video-preview":"max-video-preview:-1"},"canonical":"https:\/\/www.bohuslansmuseum.se\/en\/about-us\/organization\/","og_locale":"en_US","og_type":"article","og_title":"Organization","og_description":"Foundation Board of Bohusl\u00e4n Museum &nbsp;    Ordinarie V\u00e4stra G\u00f6talandsregionen Inga G\u00f6ransson, (C)\u00a0Ordf Evert Svenningsson\u00a0(S) Jan Gunnarsson\u00a0(S) Carin Ramnesk\u00e4r (M) Erik Bergman (FP)  Ers\u00e4ttare V\u00e4stra\u00a0G\u00f6talandsregionen Nils-Erik Wangler (M) Britt Wall\u00a0(S) Sven Olsson (MP) Jessica S\u00f6dergren (V) Susan Nader (KD)     Uddevalla kommun Annelie\u00a0H\u00f6gberg\u00a0(S) 1:e vice ordf. Siv Pettersson (FP)   Uddevalla kommun Rolf Horsvik (M) Christer Johansson (V)     Bohusl\u00e4ns Hembygdsf\u00f6rbund Gunnar Klasson\u00a02:e vice ordf. Mats Ekberg   Bohusl\u00e4ns Hembygdsf\u00f6rbund Bj\u00f6rn J\u00f6nsson Ingrid Kennborn","og_url":"https:\/\/www.bohuslansmuseum.se\/en\/about-us\/organization\/","og_site_name":"Eng Bohusl\u00e4ns Museum","article_modified_time":"2017-01-23T16:06:43+00:00","twitter_card":"summary_large_image","schema":{"@context":"https:\/\/schema.org","@graph":[{"@type":"WebPage","@id":"https:\/\/www.bohuslansmuseum.se\/en\/about-us\/organization\/","url":"https:\/\/www.bohuslansmuseum.se\/en\/about-us\/organization\/","name":"Organization - Eng Bohusl\u00e4ns Museum","isPartOf":{"@id":"https:\/\/www.bohuslansmuseum.se\/en\/#website"},"datePublished":"2015-11-16T19:21:01+00:00","dateModified":"2017-01-23T16:06:43+00:00","breadcrumb":{"@id":"https:\/\/www.bohuslansmuseum.se\/en\/about-us\/organization\/#breadcrumb"},"inLanguage":"en-US","potentialAction":[{"@type":"ReadAction","target":["https:\/\/www.bohuslansmuseum.se\/en\/about-us\/organization\/"]}]},{"@type":"BreadcrumbList","@id":"https:\/\/www.bohuslansmuseum.se\/en\/about-us\/organization\/#breadcrumb","itemListElement":[{"@type":"ListItem","position":1,"name":"Home","item":"https:\/\/www.bohuslansmuseum.se\/en\/"},{"@type":"ListItem","position":2,"name":"About us","item":"https:\/\/www.bohuslansmuseum.se\/en\/about-us\/"},{"@type":"ListItem","position":3,"name":"Organization"}]},{"@type":"WebSite","@id":"https:\/\/www.bohuslansmuseum.se\/en\/#website","url":"https:\/\/www.bohuslansmuseum.se\/en\/","name":"Eng Bohusl\u00e4ns Museum","description":"","potentialAction":[{"@type":"SearchAction","target":{"@type":"EntryPoint","urlTemplate":"https:\/\/www.bohuslansmuseum.se\/en\/?s={search_term_string}"},"query-input":{"@type":"PropertyValueSpecification","valueRequired":true,"valueName":"search_term_string"}}],"inLanguage":"en-US"}]}},"_links":{"self":[{"href":"https:\/\/www.bohuslansmuseum.se\/en\/wp-json\/wp\/v2\/pages\/111","targetHints":{"allow":["GET"]}}],"collection":[{"href":"https:\/\/www.bohuslansmuseum.se\/en\/wp-json\/wp\/v2\/pages"}],"about":[{"href":"https:\/\/www.bohuslansmuseum.se\/en\/wp-json\/wp\/v2\/types\/page"}],"author":[{"embeddable":true,"href":"https:\/\/www.bohuslansmuseum.se\/en\/wp-json\/wp\/v2\/users\/69"}],"replies":[{"embeddable":true,"href":"https:\/\/www.bohuslansmuseum.se\/en\/wp-json\/wp\/v2\/comments?post=111"}],"version-history":[{"count":5,"href":"https:\/\/www.bohuslansmuseum.se\/en\/wp-json\/wp\/v2\/pages\/111\/revisions"}],"predecessor-version":[{"id":1429,"href":"https:\/\/www.bohuslansmuseum.se\/en\/wp-json\/wp\/v2\/pages\/111\/revisions\/1429"}],"up":[{"embeddable":true,"href":"https:\/\/www.bohuslansmuseum.se\/en\/wp-json\/wp\/v2\/pages\/109"}],"wp:attachment":[{"href":"https:\/\/www.bohuslansmuseum.se\/en\/wp-json\/wp\/v2\/media?parent=111"}],"curies":[{"name":"wp","href":"https:\/\/api.w.org\/{rel}","templated":true}]}}